{"id":9,"date":"2021-10-05T17:41:16","date_gmt":"2021-10-05T17:41:16","guid":{"rendered":"https:\/\/cloudmidia.com.br\/wp3\/?page_id=9"},"modified":"2023-11-07T18:19:36","modified_gmt":"2023-11-07T18:19:36","slug":"home","status":"publish","type":"page","link":"https:\/\/academy.littlebrasilclub.com\/pt_br\/","title":{"rendered":"Home"},"content":{"rendered":"<div data-elementor-type=\"wp-page\" data-elementor-id=\"9\" class=\"elementor elementor-9\" data-elementor-post-type=\"page\">\n\t\t\t\t\t\t<section class=\"elementor-section elementor-top-section elementor-element elementor-element-9925e63 elementor-section-full_width elementor-section-height-default elementor-section-height-default\" data-id=\"9925e63\" data-element_type=\"section\" data-e-type=\"section\">\n\t\t\t\t\t\t<div class=\"elementor-container elementor-column-gap-no\">\n\t\t\t\t\t<div class=\"elementor-column elementor-col-100 elementor-top-column elementor-element elementor-element-1900b62\" data-id=\"1900b62\" data-element_type=\"column\" data-e-type=\"column\">\n\t\t\t<div class=\"elementor-widget-wrap elementor-element-populated\">\n\t\t\t\t\t\t<div class=\"elementor-element elementor-element-9fed4ed elementor--v-position-bottom elementor--h-position-center elementor-arrows-position-inside elementor-pagination-position-inside elementor-widget elementor-widget-slides\" data-id=\"9fed4ed\" data-element_type=\"widget\" data-e-type=\"widget\" data-settings=\"{&quot;navigation&quot;:&quot;both&quot;,&quot;autoplay&quot;:&quot;yes&quot;,&quot;pause_on_hover&quot;:&quot;yes&quot;,&quot;pause_on_interaction&quot;:&quot;yes&quot;,&quot;autoplay_speed&quot;:5000,&quot;infinite&quot;:&quot;yes&quot;,&quot;transition&quot;:&quot;slide&quot;,&quot;transition_speed&quot;:500,&quot;ekit_we_effect_on&quot;:&quot;none&quot;}\" data-widget_type=\"slides.default\">\n\t\t\t\t<div class=\"elementor-widget-container\">\n\t\t\t\t\t\t\t\t\t<div class=\"elementor-swiper\">\r\n\t\t\t\t\t<div class=\"elementor-slides-wrapper elementor-main-swiper swiper\" role=\"region\" aria-roledescription=\"carousel\" aria-label=\"Slides\" dir=\"ltr\" data-animation=\"fadeInUp\">\r\n\t\t\t\t<div class=\"swiper-wrapper elementor-slides\">\r\n\t\t\t\t\t\t\t\t\t\t<div class=\"elementor-repeater-item-f683f57 swiper-slide\" role=\"group\" aria-roledescription=\"slide\"><div class=\"swiper-slide-bg\" role=\"img\" aria-label=\"2023-11-06_22-46\"><\/div><div class=\"swiper-slide-inner\" ><div class=\"swiper-slide-contents\"><\/div><\/div><\/div>\t\t\t\t<\/div>\r\n\t\t\t\t\t\t\t<\/div>\r\n\t\t\t\t<\/div>\r\n\t\t\t\t\t\t\t\t<\/div>\n\t\t\t\t<\/div>\n\t\t\t\t\t<\/div>\n\t\t<\/div>\n\t\t\t\t\t<\/div>\n\t\t<\/section>\n\t\t<div class=\"elementor-element elementor-element-d41562a e-flex e-con-boxed elementor-invisible e-con e-parent\" data-id=\"d41562a\" data-element_type=\"container\" data-e-type=\"container\" data-settings=\"{&quot;animation&quot;:&quot;fadeInUp&quot;,&quot;animation_delay&quot;:0.5}\">\n\t\t\t\t\t<div class=\"e-con-inner\">\n\t\t<div class=\"elementor-element elementor-element-bfaa4b9 e-con-full e-flex e-con e-child\" data-id=\"bfaa4b9\" data-element_type=\"container\" data-e-type=\"container\">\n\t\t\t\t<div class=\"elementor-element elementor-element-964bf5f elementor-widget elementor-widget-heading\" data-id=\"964bf5f\" data-element_type=\"widget\" data-e-type=\"widget\" data-settings=\"{&quot;ekit_we_effect_on&quot;:&quot;none&quot;}\" data-widget_type=\"heading.default\">\n\t\t\t\t<div class=\"elementor-widget-container\">\n\t\t\t\t\t<h1 class=\"elementor-heading-title elementor-size-default\">Programas<\/h1>\t\t\t\t<\/div>\n\t\t\t\t<\/div>\n\t\t\t\t<\/div>\n\t\t\t\t\t<\/div>\n\t\t\t\t<\/div>\n\t\t<div class=\"elementor-element elementor-element-79999aa animated-slow e-flex e-con-boxed elementor-invisible e-con e-parent\" data-id=\"79999aa\" data-element_type=\"container\" data-e-type=\"container\" data-settings=\"{&quot;animation&quot;:&quot;fadeInUp&quot;,&quot;animation_delay&quot;:0.5}\">\n\t\t\t\t\t<div class=\"e-con-inner\">\n\t\t<div class=\"elementor-element elementor-element-08d159c e-con-full e-flex e-con e-child\" data-id=\"08d159c\" data-element_type=\"container\" data-e-type=\"container\">\n\t\t\t\t<div class=\"elementor-element elementor-element-a65313a elementor-widget elementor-widget-image\" data-id=\"a65313a\" data-element_type=\"widget\" data-e-type=\"widget\" data-settings=\"{&quot;ekit_we_effect_on&quot;:&quot;none&quot;}\" data-widget_type=\"image.default\">\n\t\t\t\t<div class=\"elementor-widget-container\">\n\t\t\t\t\t\t\t\t\t\t\t\t\t\t\t\t<a href=\"https:\/\/academy.littlebrasilclub.com\/pt_br\/pt\/our-club-little-brasil-2\/\">\n\t\t\t\t\t\t\t<img fetchpriority=\"high\" decoding=\"async\" width=\"300\" height=\"241\" src=\"https:\/\/academy.littlebrasilclub.com\/wp-content\/uploads\/2023\/11\/WhatsApp-Image-2023-10-11-at-00.38.56-2-300x241.jpeg\" class=\"attachment-medium size-medium wp-image-2354\" alt=\"\" srcset=\"https:\/\/academy.littlebrasilclub.com\/wp-content\/uploads\/2023\/11\/WhatsApp-Image-2023-10-11-at-00.38.56-2-300x241.jpeg 300w, https:\/\/academy.littlebrasilclub.com\/wp-content\/uploads\/2023\/11\/WhatsApp-Image-2023-10-11-at-00.38.56-2-1024x823.jpeg 1024w, https:\/\/academy.littlebrasilclub.com\/wp-content\/uploads\/2023\/11\/WhatsApp-Image-2023-10-11-at-00.38.56-2-768x617.jpeg 768w, https:\/\/academy.littlebrasilclub.com\/wp-content\/uploads\/2023\/11\/WhatsApp-Image-2023-10-11-at-00.38.56-2-1536x1235.jpeg 1536w, https:\/\/academy.littlebrasilclub.com\/wp-content\/uploads\/2023\/11\/WhatsApp-Image-2023-10-11-at-00.38.56-2-15x12.jpeg 15w, https:\/\/academy.littlebrasilclub.com\/wp-content\/uploads\/2023\/11\/WhatsApp-Image-2023-10-11-at-00.38.56-2.jpeg 2048w\" sizes=\"(max-width: 300px) 100vw, 300px\" \/>\t\t\t\t\t\t\t\t<\/a>\n\t\t\t\t\t\t\t\t\t\t\t\t\t\t\t<\/div>\n\t\t\t\t<\/div>\n\t\t\t\t<div class=\"elementor-element elementor-element-8728545 elementor-widget elementor-widget-heading\" data-id=\"8728545\" data-element_type=\"widget\" data-e-type=\"widget\" data-settings=\"{&quot;ekit_we_effect_on&quot;:&quot;none&quot;}\" data-widget_type=\"heading.default\">\n\t\t\t\t<div class=\"elementor-widget-container\">\n\t\t\t\t\t<h1 class=\"elementor-heading-title elementor-size-default\"><a href=\"https:\/\/academy.littlebrasilclub.com\/pt_br\/pt\/our-club-little-brasil-2\/\">Programa infantil<\/a><\/h1>\t\t\t\t<\/div>\n\t\t\t\t<\/div>\n\t\t\t\t<\/div>\n\t\t<div class=\"elementor-element elementor-element-6a28249 e-con-full e-flex e-con e-child\" data-id=\"6a28249\" data-element_type=\"container\" data-e-type=\"container\">\n\t\t\t\t<div class=\"elementor-element elementor-element-32906fb elementor-widget elementor-widget-image\" data-id=\"32906fb\" data-element_type=\"widget\" data-e-type=\"widget\" data-settings=\"{&quot;ekit_we_effect_on&quot;:&quot;none&quot;}\" data-widget_type=\"image.default\">\n\t\t\t\t<div class=\"elementor-widget-container\">\n\t\t\t\t\t\t\t\t\t\t\t\t\t\t\t\t<a href=\"https:\/\/academy.littlebrasilclub.com\/pt_br\/pt\/our-club-little-brasil-2\/\">\n\t\t\t\t\t\t\t<img decoding=\"async\" width=\"300\" height=\"293\" src=\"https:\/\/academy.littlebrasilclub.com\/wp-content\/uploads\/2023\/11\/WhatsApp-Image-2023-10-11-at-00.38.56-1-e1699464636758-300x293.jpeg\" class=\"attachment-medium size-medium wp-image-2355\" alt=\"\" srcset=\"https:\/\/academy.littlebrasilclub.com\/wp-content\/uploads\/2023\/11\/WhatsApp-Image-2023-10-11-at-00.38.56-1-e1699464636758-300x293.jpeg 300w, https:\/\/academy.littlebrasilclub.com\/wp-content\/uploads\/2023\/11\/WhatsApp-Image-2023-10-11-at-00.38.56-1-e1699464636758-1024x999.jpeg 1024w, https:\/\/academy.littlebrasilclub.com\/wp-content\/uploads\/2023\/11\/WhatsApp-Image-2023-10-11-at-00.38.56-1-e1699464636758-768x749.jpeg 768w, https:\/\/academy.littlebrasilclub.com\/wp-content\/uploads\/2023\/11\/WhatsApp-Image-2023-10-11-at-00.38.56-1-e1699464636758-12x12.jpeg 12w, https:\/\/academy.littlebrasilclub.com\/wp-content\/uploads\/2023\/11\/WhatsApp-Image-2023-10-11-at-00.38.56-1-e1699464636758.jpeg 1372w\" sizes=\"(max-width: 300px) 100vw, 300px\" \/>\t\t\t\t\t\t\t\t<\/a>\n\t\t\t\t\t\t\t\t\t\t\t\t\t\t\t<\/div>\n\t\t\t\t<\/div>\n\t\t\t\t<div class=\"elementor-element elementor-element-360f2ed elementor-widget elementor-widget-heading\" data-id=\"360f2ed\" data-element_type=\"widget\" data-e-type=\"widget\" data-settings=\"{&quot;ekit_we_effect_on&quot;:&quot;none&quot;}\" data-widget_type=\"heading.default\">\n\t\t\t\t<div class=\"elementor-widget-container\">\n\t\t\t\t\t<h1 class=\"elementor-heading-title elementor-size-default\"><a href=\"https:\/\/academy.littlebrasilclub.com\/pt_br\/pt\/our-club-little-brasil-2\/\">Programa pr\u00e9-escolar<\/a><\/h1>\t\t\t\t<\/div>\n\t\t\t\t<\/div>\n\t\t\t\t<\/div>\n\t\t<div class=\"elementor-element elementor-element-56ee8ea e-con-full e-flex e-con e-child\" data-id=\"56ee8ea\" data-element_type=\"container\" data-e-type=\"container\">\n\t\t\t\t<div class=\"elementor-element elementor-element-0b7c02d elementor-widget elementor-widget-image\" data-id=\"0b7c02d\" data-element_type=\"widget\" data-e-type=\"widget\" data-settings=\"{&quot;ekit_we_effect_on&quot;:&quot;none&quot;}\" data-widget_type=\"image.default\">\n\t\t\t\t<div class=\"elementor-widget-container\">\n\t\t\t\t\t\t\t\t\t\t\t\t\t\t\t\t<a href=\"https:\/\/academy.littlebrasilclub.com\/pt_br\/pt\/our-club-little-brasil-2\/\">\n\t\t\t\t\t\t\t<img decoding=\"async\" width=\"227\" height=\"300\" src=\"https:\/\/academy.littlebrasilclub.com\/wp-content\/uploads\/2023\/11\/WhatsApp-Image-2023-10-11-at-00.38.57-227x300.jpeg\" class=\"attachment-medium size-medium wp-image-2353\" alt=\"\" srcset=\"https:\/\/academy.littlebrasilclub.com\/wp-content\/uploads\/2023\/11\/WhatsApp-Image-2023-10-11-at-00.38.57-227x300.jpeg 227w, https:\/\/academy.littlebrasilclub.com\/wp-content\/uploads\/2023\/11\/WhatsApp-Image-2023-10-11-at-00.38.57-774x1024.jpeg 774w, https:\/\/academy.littlebrasilclub.com\/wp-content\/uploads\/2023\/11\/WhatsApp-Image-2023-10-11-at-00.38.57-768x1016.jpeg 768w, https:\/\/academy.littlebrasilclub.com\/wp-content\/uploads\/2023\/11\/WhatsApp-Image-2023-10-11-at-00.38.57-1161x1536.jpeg 1161w, https:\/\/academy.littlebrasilclub.com\/wp-content\/uploads\/2023\/11\/WhatsApp-Image-2023-10-11-at-00.38.57-9x12.jpeg 9w, https:\/\/academy.littlebrasilclub.com\/wp-content\/uploads\/2023\/11\/WhatsApp-Image-2023-10-11-at-00.38.57.jpeg 1548w\" sizes=\"(max-width: 227px) 100vw, 227px\" \/>\t\t\t\t\t\t\t\t<\/a>\n\t\t\t\t\t\t\t\t\t\t\t\t\t\t\t<\/div>\n\t\t\t\t<\/div>\n\t\t\t\t<div class=\"elementor-element elementor-element-81b313b elementor-widget elementor-widget-heading\" data-id=\"81b313b\" data-element_type=\"widget\" data-e-type=\"widget\" data-settings=\"{&quot;ekit_we_effect_on&quot;:&quot;none&quot;}\" data-widget_type=\"heading.default\">\n\t\t\t\t<div class=\"elementor-widget-container\">\n\t\t\t\t\t<h1 class=\"elementor-heading-title elementor-size-default\"><a href=\"https:\/\/academy.littlebrasilclub.com\/pt_br\/pt\/our-club-little-brasil-2\/\">Programa de Pr\u00e9-Escola<\/a><\/h1>\t\t\t\t<\/div>\n\t\t\t\t<\/div>\n\t\t\t\t<\/div>\n\t\t<div class=\"elementor-element elementor-element-572edfb e-con-full e-flex e-con e-child\" data-id=\"572edfb\" data-element_type=\"container\" data-e-type=\"container\">\n\t\t\t\t<div class=\"elementor-element elementor-element-dbd4501 elementor-widget elementor-widget-image\" data-id=\"dbd4501\" data-element_type=\"widget\" data-e-type=\"widget\" data-settings=\"{&quot;ekit_we_effect_on&quot;:&quot;none&quot;}\" data-widget_type=\"image.default\">\n\t\t\t\t<div class=\"elementor-widget-container\">\n\t\t\t\t\t\t\t\t\t\t\t\t\t\t\t\t<a href=\"https:\/\/academy.littlebrasilclub.com\/pt_br\/pt\/our-club-little-brasil-2\/\">\n\t\t\t\t\t\t\t<img loading=\"lazy\" decoding=\"async\" width=\"1024\" height=\"823\" src=\"https:\/\/academy.littlebrasilclub.com\/wp-content\/uploads\/2023\/11\/WhatsApp-Image-2023-10-11-at-00.38.56-1024x823.jpeg\" class=\"attachment-large size-large wp-image-2356\" alt=\"\" srcset=\"https:\/\/academy.littlebrasilclub.com\/wp-content\/uploads\/2023\/11\/WhatsApp-Image-2023-10-11-at-00.38.56-1024x823.jpeg 1024w, https:\/\/academy.littlebrasilclub.com\/wp-content\/uploads\/2023\/11\/WhatsApp-Image-2023-10-11-at-00.38.56-300x241.jpeg 300w, https:\/\/academy.littlebrasilclub.com\/wp-content\/uploads\/2023\/11\/WhatsApp-Image-2023-10-11-at-00.38.56-768x617.jpeg 768w, https:\/\/academy.littlebrasilclub.com\/wp-content\/uploads\/2023\/11\/WhatsApp-Image-2023-10-11-at-00.38.56-1536x1235.jpeg 1536w, https:\/\/academy.littlebrasilclub.com\/wp-content\/uploads\/2023\/11\/WhatsApp-Image-2023-10-11-at-00.38.56-15x12.jpeg 15w, https:\/\/academy.littlebrasilclub.com\/wp-content\/uploads\/2023\/11\/WhatsApp-Image-2023-10-11-at-00.38.56.jpeg 2048w\" sizes=\"(max-width: 1024px) 100vw, 1024px\" \/>\t\t\t\t\t\t\t\t<\/a>\n\t\t\t\t\t\t\t\t\t\t\t\t\t\t\t<\/div>\n\t\t\t\t<\/div>\n\t\t\t\t<div class=\"elementor-element elementor-element-48ab458 elementor-widget elementor-widget-heading\" data-id=\"48ab458\" data-element_type=\"widget\" data-e-type=\"widget\" data-settings=\"{&quot;ekit_we_effect_on&quot;:&quot;none&quot;}\" data-widget_type=\"heading.default\">\n\t\t\t\t<div class=\"elementor-widget-container\">\n\t\t\t\t\t<h1 class=\"elementor-heading-title elementor-size-default\"><a href=\"https:\/\/academy.littlebrasilclub.com\/pt_br\/pt\/our-club-little-brasil-2\/\">VPK (Pr\u00e9-escola Volunt\u00e1ria)<\/a><\/h1>\t\t\t\t<\/div>\n\t\t\t\t<\/div>\n\t\t\t\t<\/div>\n\t\t\t\t\t<\/div>\n\t\t\t\t<\/div>\n\t\t\t\t<section class=\"elementor-section elementor-top-section elementor-element elementor-element-c5ef241 animated-slow elementor-section-boxed elementor-section-height-default elementor-section-height-default elementor-invisible\" data-id=\"c5ef241\" data-element_type=\"section\" data-e-type=\"section\" data-settings=\"{&quot;background_background&quot;:&quot;classic&quot;,&quot;animation&quot;:&quot;fadeInUp&quot;,&quot;animation_delay&quot;:0.5}\">\n\t\t\t\t\t\t<div class=\"elementor-container elementor-column-gap-default\">\n\t\t\t\t\t<div class=\"elementor-column elementor-col-100 elementor-top-column elementor-element elementor-element-25a6f62\" data-id=\"25a6f62\" data-element_type=\"column\" data-e-type=\"column\">\n\t\t\t<div class=\"elementor-widget-wrap elementor-element-populated\">\n\t\t\t\t\t\t<div class=\"elementor-element elementor-element-66f7a50 elementor-widget elementor-widget-heading\" data-id=\"66f7a50\" data-element_type=\"widget\" data-e-type=\"widget\" data-settings=\"{&quot;ekit_we_effect_on&quot;:&quot;none&quot;}\" data-widget_type=\"heading.default\">\n\t\t\t\t<div class=\"elementor-widget-container\">\n\t\t\t\t\t<h1 class=\"elementor-heading-title elementor-size-default\">Saiba mais sobre nossos servi\u00e7os<\/h1>\t\t\t\t<\/div>\n\t\t\t\t<\/div>\n\t\t\t\t<div class=\"elementor-element elementor-element-f68d916 elementor-align-center elementor-widget elementor-widget-button\" data-id=\"f68d916\" data-element_type=\"widget\" data-e-type=\"widget\" data-settings=\"{&quot;ekit_we_effect_on&quot;:&quot;none&quot;}\" data-widget_type=\"button.default\">\n\t\t\t\t<div class=\"elementor-widget-container\">\n\t\t\t\t\t\t\t\t\t<div class=\"elementor-button-wrapper\">\n\t\t\t\t\t<a class=\"elementor-button elementor-button-link elementor-size-md elementor-animation-pulse\" href=\"https:\/\/wa.me\/13213149238\">\n\t\t\t\t\t\t<span class=\"elementor-button-content-wrapper\">\n\t\t\t\t\t\t<span class=\"elementor-button-icon\">\n\t\t\t\t<i aria-hidden=\"true\" class=\"fab fa-whatsapp\"><\/i>\t\t\t<\/span>\n\t\t\t\t\t\t\t\t\t<span class=\"elementor-button-text\"> Fale Conosco<\/span>\n\t\t\t\t\t<\/span>\n\t\t\t\t\t<\/a>\n\t\t\t\t<\/div>\n\t\t\t\t\t\t\t\t<\/div>\n\t\t\t\t<\/div>\n\t\t\t\t\t<\/div>\n\t\t<\/div>\n\t\t\t\t\t<\/div>\n\t\t<\/section>\n\t\t\t\t<section class=\"elementor-section elementor-top-section elementor-element elementor-element-4b718a0 elementor-section-boxed elementor-section-height-default elementor-section-height-default elementor-invisible\" data-id=\"4b718a0\" data-element_type=\"section\" data-e-type=\"section\" data-settings=\"{&quot;background_background&quot;:&quot;classic&quot;,&quot;animation&quot;:&quot;fadeInUp&quot;,&quot;animation_delay&quot;:0.5}\">\n\t\t\t\t\t\t<div class=\"elementor-container elementor-column-gap-no\">\n\t\t\t\t\t<div class=\"elementor-column elementor-col-50 elementor-top-column elementor-element elementor-element-48a21ae\" data-id=\"48a21ae\" data-element_type=\"column\" data-e-type=\"column\">\n\t\t\t<div class=\"elementor-widget-wrap elementor-element-populated\">\n\t\t\t\t\t\t<div class=\"elementor-element elementor-element-a5fdeae elementor-widget elementor-widget-heading\" data-id=\"a5fdeae\" data-element_type=\"widget\" data-e-type=\"widget\" data-settings=\"{&quot;ekit_we_effect_on&quot;:&quot;none&quot;}\" data-widget_type=\"heading.default\">\n\t\t\t\t<div class=\"elementor-widget-container\">\n\t\t\t\t\t<h1 class=\"elementor-heading-title elementor-size-default\">Nossos programas na Little Academy<\/h1>\t\t\t\t<\/div>\n\t\t\t\t<\/div>\n\t\t\t\t<div class=\"elementor-element elementor-element-687f5c8 elementor-widget elementor-widget-text-editor\" data-id=\"687f5c8\" data-element_type=\"widget\" data-e-type=\"widget\" data-settings=\"{&quot;ekit_we_effect_on&quot;:&quot;none&quot;}\" data-widget_type=\"text-editor.default\">\n\t\t\t\t<div class=\"elementor-widget-container\">\n\t\t\t\t\t\t\t\t\t<p>Com ra\u00edzes profundas em um legado educacional que atravessa continentes, a Little Academy se dedica a cultivar o amor pelo aprendizado ao longo da vida. Nossos programas s\u00e3o meticulosamente elaborados para atender \u00e0s necessidades multifacetadas de cada etapa do desenvolvimento, garantindo que todas as crian\u00e7as prosperem sob nossos cuidados.<\/p>\t\t\t\t\t\t\t\t<\/div>\n\t\t\t\t<\/div>\n\t\t\t\t\t<\/div>\n\t\t<\/div>\n\t\t\t\t<div class=\"elementor-column elementor-col-50 elementor-top-column elementor-element elementor-element-a0f7cab\" data-id=\"a0f7cab\" data-element_type=\"column\" data-e-type=\"column\">\n\t\t\t<div class=\"elementor-widget-wrap elementor-element-populated\">\n\t\t\t\t\t\t<div class=\"elementor-element elementor-element-bad18ca elementor--h-position-center elementor--v-position-middle elementor-pagination-position-inside elementor-widget elementor-widget-slides\" data-id=\"bad18ca\" data-element_type=\"widget\" data-e-type=\"widget\" data-settings=\"{&quot;navigation&quot;:&quot;dots&quot;,&quot;transition&quot;:&quot;fade&quot;,&quot;autoplay&quot;:&quot;yes&quot;,&quot;pause_on_hover&quot;:&quot;yes&quot;,&quot;pause_on_interaction&quot;:&quot;yes&quot;,&quot;autoplay_speed&quot;:5000,&quot;infinite&quot;:&quot;yes&quot;,&quot;transition_speed&quot;:500,&quot;ekit_we_effect_on&quot;:&quot;none&quot;}\" data-widget_type=\"slides.default\">\n\t\t\t\t<div class=\"elementor-widget-container\">\n\t\t\t\t\t\t\t\t\t<div class=\"elementor-swiper\">\r\n\t\t\t\t\t<div class=\"elementor-slides-wrapper elementor-main-swiper swiper\" role=\"region\" aria-roledescription=\"carousel\" aria-label=\"Slides\" dir=\"ltr\" data-animation=\"fadeInDown\">\r\n\t\t\t\t<div class=\"swiper-wrapper elementor-slides\">\r\n\t\t\t\t\t\t\t\t\t\t<div class=\"elementor-repeater-item-40b778b swiper-slide\" role=\"group\" aria-roledescription=\"slide\"><div class=\"swiper-slide-bg\" role=\"img\" aria-label=\"2023-11-06_22-47\"><\/div><div class=\"swiper-slide-inner\" ><div class=\"swiper-slide-contents\"><\/div><\/div><\/div>\t\t\t\t<\/div>\r\n\t\t\t\t\t\t\t<\/div>\r\n\t\t\t\t<\/div>\r\n\t\t\t\t\t\t\t\t<\/div>\n\t\t\t\t<\/div>\n\t\t\t\t\t<\/div>\n\t\t<\/div>\n\t\t\t\t\t<\/div>\n\t\t<\/section>\n\t\t\t\t<\/div>","protected":false},"excerpt":{"rendered":"<p>Programs Toddler Program Preschool Program Pre-Kindergarten Program VPK (Voluntary Prekindergarten) Learn more about our services Talk to us Our Programs at Little Academy Deeply rooted in an educational legacy that spans continents, Little Academy is committed to fostering a lifelong love for learning. Our programs are meticulously designed to address the multifaceted needs of each [&hellip;]<\/p>\n","protected":false},"author":1,"featured_media":0,"parent":0,"menu_order":0,"comment_status":"closed","ping_status":"closed","template":"","meta":{"ocean_post_layout":"full-screen","ocean_both_sidebars_style":"","ocean_both_sidebars_content_width":0,"ocean_both_sidebars_sidebars_width":0,"ocean_sidebar":"0","ocean_second_sidebar":"0","ocean_disable_margins":"on","ocean_add_body_class":"","ocean_shortcode_before_top_bar":"","ocean_shortcode_after_top_bar":"","ocean_shortcode_before_header":"","ocean_shortcode_after_header":"","ocean_has_shortcode":"","ocean_shortcode_after_title":"","ocean_shortcode_before_footer_widgets":"","ocean_shortcode_after_footer_widgets":"","ocean_shortcode_before_footer_bottom":"","ocean_shortcode_after_footer_bottom":"","ocean_display_top_bar":"off","ocean_display_header":"off","ocean_header_style":"","ocean_center_header_left_menu":"0","ocean_custom_header_template":"0","ocean_custom_logo":0,"ocean_custom_retina_logo":0,"ocean_custom_logo_max_width":0,"ocean_custom_logo_tablet_max_width":0,"ocean_custom_logo_mobile_max_width":0,"ocean_custom_logo_max_height":0,"ocean_custom_logo_tablet_max_height":0,"ocean_custom_logo_mobile_max_height":0,"ocean_header_custom_menu":"0","ocean_menu_typo_font_family":"0","ocean_menu_typo_font_subset":"","ocean_menu_typo_font_size":0,"ocean_menu_typo_font_size_tablet":0,"ocean_menu_typo_font_size_mobile":0,"ocean_menu_typo_font_size_unit":"px","ocean_menu_typo_font_weight":"","ocean_menu_typo_font_weight_tablet":"","ocean_menu_typo_font_weight_mobile":"","ocean_menu_typo_transform":"","ocean_menu_typo_transform_tablet":"","ocean_menu_typo_transform_mobile":"","ocean_menu_typo_line_height":0,"ocean_menu_typo_line_height_tablet":0,"ocean_menu_typo_line_height_mobile":0,"ocean_menu_typo_line_height_unit":"","ocean_menu_typo_spacing":0,"ocean_menu_typo_spacing_tablet":0,"ocean_menu_typo_spacing_mobile":0,"ocean_menu_typo_spacing_unit":"","ocean_menu_link_color":"","ocean_menu_link_color_hover":"","ocean_menu_link_color_active":"","ocean_menu_link_background":"","ocean_menu_link_hover_background":"","ocean_menu_link_active_background":"","ocean_menu_social_links_bg":"","ocean_menu_social_hover_links_bg":"","ocean_menu_social_links_color":"","ocean_menu_social_hover_links_color":"","ocean_disable_title":"on","ocean_disable_heading":"default","ocean_post_title":"","ocean_post_subheading":"","ocean_post_title_style":"","ocean_post_title_background_color":"","ocean_post_title_background":0,"ocean_post_title_bg_image_position":"","ocean_post_title_bg_image_attachment":"","ocean_post_title_bg_image_repeat":"","ocean_post_title_bg_image_size":"","ocean_post_title_height":0,"ocean_post_title_bg_overlay":0.5,"ocean_post_title_bg_overlay_color":"","ocean_disable_breadcrumbs":"default","ocean_breadcrumbs_color":"","ocean_breadcrumbs_separator_color":"","ocean_breadcrumbs_links_color":"","ocean_breadcrumbs_links_hover_color":"","ocean_display_footer_widgets":"off","ocean_display_footer_bottom":"off","ocean_custom_footer_template":"0","footnotes":""},"class_list":["post-9","page","type-page","status-publish","hentry","entry"],"_links":{"self":[{"href":"https:\/\/academy.littlebrasilclub.com\/pt_br\/wp-json\/wp\/v2\/pages\/9","targetHints":{"allow":["GET"]}}],"collection":[{"href":"https:\/\/academy.littlebrasilclub.com\/pt_br\/wp-json\/wp\/v2\/pages"}],"about":[{"href":"https:\/\/academy.littlebrasilclub.com\/pt_br\/wp-json\/wp\/v2\/types\/page"}],"author":[{"embeddable":true,"href":"https:\/\/academy.littlebrasilclub.com\/pt_br\/wp-json\/wp\/v2\/users\/1"}],"replies":[{"embeddable":true,"href":"https:\/\/academy.littlebrasilclub.com\/pt_br\/wp-json\/wp\/v2\/comments?post=9"}],"version-history":[{"count":862,"href":"https:\/\/academy.littlebrasilclub.com\/pt_br\/wp-json\/wp\/v2\/pages\/9\/revisions"}],"predecessor-version":[{"id":2388,"href":"https:\/\/academy.littlebrasilclub.com\/pt_br\/wp-json\/wp\/v2\/pages\/9\/revisions\/2388"}],"wp:attachment":[{"href":"https:\/\/academy.littlebrasilclub.com\/pt_br\/wp-json\/wp\/v2\/media?parent=9"}],"curies":[{"name":"wp","href":"https:\/\/api.w.org\/{rel}","templated":true}]}}