{"id":182,"date":"2021-10-14T00:48:17","date_gmt":"2021-10-14T00:48:17","guid":{"rendered":"https:\/\/cloudmidia.com.br\/wp3\/?page_id=182"},"modified":"2023-11-08T01:37:10","modified_gmt":"2023-11-08T01:37:10","slug":"about-us","status":"publish","type":"page","link":"https:\/\/academy.littlebrasilclub.com\/pt_br\/about-us\/","title":{"rendered":"Sobre n\u00f3s"},"content":{"rendered":"<div data-elementor-type=\"wp-page\" data-elementor-id=\"182\" class=\"elementor elementor-182\" data-elementor-post-type=\"page\">\n\t\t\t\t\t\t<section class=\"elementor-section elementor-top-section elementor-element elementor-element-0331d35 elementor-section-boxed elementor-section-height-default elementor-section-height-default\" data-id=\"0331d35\" data-element_type=\"section\" data-e-type=\"section\" data-settings=\"{&quot;background_background&quot;:&quot;classic&quot;}\">\n\t\t\t\t\t\t<div class=\"elementor-container elementor-column-gap-default\">\n\t\t\t\t\t<div class=\"elementor-column elementor-col-100 elementor-top-column elementor-element elementor-element-7c2d020\" data-id=\"7c2d020\" data-element_type=\"column\" data-e-type=\"column\">\n\t\t\t<div class=\"elementor-widget-wrap elementor-element-populated\">\n\t\t\t\t\t\t<div class=\"elementor-element elementor-element-3eb6e48 elementor-widget elementor-widget-heading\" data-id=\"3eb6e48\" data-element_type=\"widget\" data-e-type=\"widget\" data-settings=\"{&quot;ekit_we_effect_on&quot;:&quot;none&quot;}\" data-widget_type=\"heading.default\">\n\t\t\t\t<div class=\"elementor-widget-container\">\n\t\t\t\t\t<h2 class=\"elementor-heading-title elementor-size-default\">Sobre n\u00f3s<\/h2>\t\t\t\t<\/div>\n\t\t\t\t<\/div>\n\t\t\t\t\t<\/div>\n\t\t<\/div>\n\t\t\t\t\t<\/div>\n\t\t<\/section>\n\t\t\t\t<section class=\"elementor-section elementor-top-section elementor-element elementor-element-422d87b elementor-section-boxed elementor-section-height-default elementor-section-height-default\" data-id=\"422d87b\" data-element_type=\"section\" data-e-type=\"section\">\n\t\t\t\t\t\t<div class=\"elementor-container elementor-column-gap-default\">\n\t\t\t\t\t<div class=\"elementor-column elementor-col-50 elementor-top-column elementor-element elementor-element-66d8e44\" data-id=\"66d8e44\" data-element_type=\"column\" data-e-type=\"column\">\n\t\t\t<div class=\"elementor-widget-wrap elementor-element-populated\">\n\t\t\t\t\t\t<div class=\"elementor-element elementor-element-97f2baf elementor-widget elementor-widget-image\" data-id=\"97f2baf\" data-element_type=\"widget\" data-e-type=\"widget\" data-settings=\"{&quot;ekit_we_effect_on&quot;:&quot;none&quot;}\" data-widget_type=\"image.default\">\n\t\t\t\t<div class=\"elementor-widget-container\">\n\t\t\t\t\t\t\t\t\t\t\t\t\t\t\t<img fetchpriority=\"high\" decoding=\"async\" width=\"1024\" height=\"576\" src=\"https:\/\/academy.littlebrasilclub.com\/wp-content\/uploads\/2023\/11\/WhatsApp-Image-2023-11-07-at-21.25.27-4.jpeg\" class=\"attachment-large size-large wp-image-2465\" alt=\"\" srcset=\"https:\/\/academy.littlebrasilclub.com\/wp-content\/uploads\/2023\/11\/WhatsApp-Image-2023-11-07-at-21.25.27-4.jpeg 1024w, https:\/\/academy.littlebrasilclub.com\/wp-content\/uploads\/2023\/11\/WhatsApp-Image-2023-11-07-at-21.25.27-4-300x169.jpeg 300w, https:\/\/academy.littlebrasilclub.com\/wp-content\/uploads\/2023\/11\/WhatsApp-Image-2023-11-07-at-21.25.27-4-768x432.jpeg 768w, https:\/\/academy.littlebrasilclub.com\/wp-content\/uploads\/2023\/11\/WhatsApp-Image-2023-11-07-at-21.25.27-4-18x10.jpeg 18w, https:\/\/academy.littlebrasilclub.com\/wp-content\/uploads\/2023\/11\/WhatsApp-Image-2023-11-07-at-21.25.27-4-800x450.jpeg 800w\" sizes=\"(max-width: 1024px) 100vw, 1024px\" \/>\t\t\t\t\t\t\t\t\t\t\t\t\t\t\t<\/div>\n\t\t\t\t<\/div>\n\t\t\t\t\t<\/div>\n\t\t<\/div>\n\t\t\t\t<div class=\"elementor-column elementor-col-50 elementor-top-column elementor-element elementor-element-ab28442\" data-id=\"ab28442\" data-element_type=\"column\" data-e-type=\"column\">\n\t\t\t<div class=\"elementor-widget-wrap elementor-element-populated\">\n\t\t\t\t\t\t<div class=\"elementor-element elementor-element-4492b2e elementor-widget elementor-widget-text-editor\" data-id=\"4492b2e\" data-element_type=\"widget\" data-e-type=\"widget\" data-settings=\"{&quot;ekit_we_effect_on&quot;:&quot;none&quot;}\" data-widget_type=\"text-editor.default\">\n\t\t\t\t<div class=\"elementor-widget-container\">\n\t\t\t\t\t\t\t\t\t<p>Origin\u00e1ria de um legado de excel\u00eancia educacional, a Little Academy combina pr\u00e1ticas de ensino globais aqui mesmo em Clermont, Fl\u00f3rida. Nossas ra\u00edzes remontam ao renomado Col\u00e9gio e Curso Decis\u00e3o de Mangabeira, Brasil, reconhecido por seu modelo educacional socioconstrutivo e integra\u00e7\u00e3o inovadora de tecnologia. Expandindo nossos horizontes, introduzimos o Decision Learning Center (DLC) e o Little Brasil Club em Orlando, conectando as comunidades brasileira e americana por meio da l\u00edngua e da cultura.<\/p>\n<p><\/p>\n<p>Na Little Academy, nossa principal miss\u00e3o \u00e9 cultivar o amor pelo aprendizado em nossos alunos mais jovens. Em um ambiente feito sob medida para crian\u00e7as, combinamos cuidado afetuoso com educa\u00e7\u00e3o fundamental, garantindo que nossos alunos embarquem em uma jornada de crescimento intelectual e pessoal desde os primeiros anos de vida. Inspirados pelos valores de Qualidade, Confian\u00e7a, Expertise e Respeito \u00e0 Diversidade.<\/p>\t\t\t\t\t\t\t\t<\/div>\n\t\t\t\t<\/div>\n\t\t\t\t\t<\/div>\n\t\t<\/div>\n\t\t\t\t\t<\/div>\n\t\t<\/section>\n\t\t<div class=\"elementor-element elementor-element-a679524 e-flex e-con-boxed e-con e-parent\" data-id=\"a679524\" data-element_type=\"container\" data-e-type=\"container\">\n\t\t\t\t\t<div class=\"e-con-inner\">\n\t\t\t\t<div class=\"elementor-element elementor-element-55a8dae elementor-widget elementor-widget-elementskit-gallery\" data-id=\"55a8dae\" data-element_type=\"widget\" data-e-type=\"widget\" data-settings=\"{&quot;ekit_gallery_columns&quot;:&quot;3&quot;,&quot;ekit_gallery_columns_tablet&quot;:&quot;2&quot;,&quot;ekit_gallery_columns_mobile&quot;:&quot;1&quot;,&quot;ekit_we_effect_on&quot;:&quot;none&quot;}\" data-widget_type=\"elementskit-gallery.default\">\n\t\t\t\t<div class=\"elementor-widget-container\">\n\t\t\t\t\t<div class=\"ekit-wid-con\" >                        <div class=\"ekit_gallery_grid_wraper\"><div id=\"ekit_gallery_55a8dae\" class=\"ekit_gallery_grid\" data-tilt-config=\"{&quot;disableAxis&quot;:null,&quot;easing&quot;:&quot;cubic-bezier(.03, .98, .52, .99)&quot;,&quot;glare&quot;:false,&quot;transition&quot;:true}\" data-masonry-config=\"{&quot;itemSelector&quot;:&quot;.ekit_gallery_grid_item&quot;}\">                \t\t\t\t\t\t\t<div class=\"ekit_gallery_grid_item ekit_gallery__filter-\">\n\t\t\t\t\t\t\t\t<div class=\"elementskit-single-portfolio-item\"\n\t\t\t\t\t\t\t\t\t\t\t\t\t\t\t\t>\n\t\t\t\t\t\t\t\t\t<div class=\"elementskit-portfolio-thumb\"\n\t\t\t\t\t\t\t\t\t\t\t\t\t\t\t\t\t\t>\n\t\t\t\t\t\t\t\t\t<img decoding=\"async\" class=\"elementskit-grid__img\" src=\"https:\/\/academy.littlebrasilclub.com\/wp-content\/uploads\/2023\/11\/WhatsApp-Image-2023-11-07-at-21.25.27-5.jpeg\" alt=\"gallery grid image\"\/>\n\t\t\t\t\t\t\t\t\t<\/div>\n\t\t\t\t\t\t\t\t\t<div class=\"elementskit-hover-area\">\n\t\t\t\t\t\t\t\t\t\t<div class=\"elementskit-hover-content ekit_vertical_alignment_center\">\n\t\t\t\t\t\t\t\t\t\t\t\t\t\t\t\t\t\t\t\t\t\t\t\t\t\t\t\t\t\t\t\t\t\t\t\t\t\t\t\t\t\t\t\t\t\t\t\t\t\t\t\t\t\t\t<div class=\"elementskit-gallery-popup-icon-wraper\">\n\t\t\t\t\t\t\t\t\t\t\t\t<a href=\"https:\/\/academy.littlebrasilclub.com\/wp-content\/uploads\/2023\/11\/WhatsApp-Image-2023-11-07-at-21.25.27-5.jpeg\" data-effect=\"mfp-zoom-in\"\n\t\t\t\t\t\t\t\t\t\t\t\tclass=\"elementskit-gallery-icon elementor-clickable\" aria-label=\"mfp-zoom-in\"\n\t\t\t\t\t\t\t\t\t\t\t\t\t\t\t\t\t\t\t\t\t\t\t\t\tdata-elementor-lightbox-slideshow=\"55a8dae\"\n\t\t\t\t\t\t\t\t\t\t\t\t\t\t\t\t\t\t\t\t\t\t\t\t\t>\n\n\t\t\t\t\t\t\t\t\t\t\t\t\t<i aria-hidden=\"true\" class=\"icon icon-plus-circle\"><\/i>\n\t\t\t\t\t\t\t\t\t\t\t\t<\/a>\n\t\t\t\t\t\t\t\t\t\t\t<\/div>\n\t\t\t\t\t\t\t\t\t\t\t\t\t\t\t\t\t\t\t\t\t<\/div>\n\t\t\t\t\t\t\t\t\t<\/div><!-- .elementskit-hover-area END -->\n\t\t\t\t\t\t\t\t\t\t\t\t\t\t\t\t\t\t<div class=\"ekit-gallery-image-overlay\"><\/div>\n\t\t\t\t\t\t\t\t\t\t\t\t\t\t\t\t\t<\/div><!-- .elementskit-single-portfolio-item END -->\n\t\t\t\t\t\t\t<\/div>\n\n\t\t\t\t\t\t\t\t\t\t\t\t\t<div class=\"ekit_gallery_grid_item ekit_gallery__filter-\">\n\t\t\t\t\t\t\t\t<div class=\"elementskit-single-portfolio-item\"\n\t\t\t\t\t\t\t\t\t\t\t\t\t\t\t\t>\n\t\t\t\t\t\t\t\t\t<div class=\"elementskit-portfolio-thumb\"\n\t\t\t\t\t\t\t\t\t\t\t\t\t\t\t\t\t\t>\n\t\t\t\t\t\t\t\t\t<img decoding=\"async\" class=\"elementskit-grid__img\" src=\"https:\/\/academy.littlebrasilclub.com\/wp-content\/uploads\/2023\/11\/WhatsApp-Image-2023-11-07-at-21.25.27.jpeg\" alt=\"gallery grid image\"\/>\n\t\t\t\t\t\t\t\t\t<\/div>\n\t\t\t\t\t\t\t\t\t<div class=\"elementskit-hover-area\">\n\t\t\t\t\t\t\t\t\t\t<div class=\"elementskit-hover-content ekit_vertical_alignment_center\">\n\t\t\t\t\t\t\t\t\t\t\t\t\t\t\t\t\t\t\t\t\t\t\t\t\t\t\t\t\t\t\t\t\t\t\t\t\t\t\t\t\t\t\t\t\t\t\t\t\t\t\t\t\t\t\t<div class=\"elementskit-gallery-popup-icon-wraper\">\n\t\t\t\t\t\t\t\t\t\t\t\t<a href=\"https:\/\/academy.littlebrasilclub.com\/wp-content\/uploads\/2023\/11\/WhatsApp-Image-2023-11-07-at-21.25.27.jpeg\" data-effect=\"mfp-zoom-in\"\n\t\t\t\t\t\t\t\t\t\t\t\tclass=\"elementskit-gallery-icon elementor-clickable\" aria-label=\"mfp-zoom-in\"\n\t\t\t\t\t\t\t\t\t\t\t\t\t\t\t\t\t\t\t\t\t\t\t\t\tdata-elementor-lightbox-slideshow=\"55a8dae\"\n\t\t\t\t\t\t\t\t\t\t\t\t\t\t\t\t\t\t\t\t\t\t\t\t\t>\n\n\t\t\t\t\t\t\t\t\t\t\t\t\t<i aria-hidden=\"true\" class=\"icon icon-plus-circle\"><\/i>\n\t\t\t\t\t\t\t\t\t\t\t\t<\/a>\n\t\t\t\t\t\t\t\t\t\t\t<\/div>\n\t\t\t\t\t\t\t\t\t\t\t\t\t\t\t\t\t\t\t\t\t<\/div>\n\t\t\t\t\t\t\t\t\t<\/div><!-- .elementskit-hover-area END -->\n\t\t\t\t\t\t\t\t\t\t\t\t\t\t\t\t\t\t<div class=\"ekit-gallery-image-overlay\"><\/div>\n\t\t\t\t\t\t\t\t\t\t\t\t\t\t\t\t\t<\/div><!-- .elementskit-single-portfolio-item END -->\n\t\t\t\t\t\t\t<\/div>\n\n\t\t\t\t\t\t\t\t\t\t\t\t\t<div class=\"ekit_gallery_grid_item ekit_gallery__filter-\">\n\t\t\t\t\t\t\t\t<div class=\"elementskit-single-portfolio-item\"\n\t\t\t\t\t\t\t\t\t\t\t\t\t\t\t\t>\n\t\t\t\t\t\t\t\t\t<div class=\"elementskit-portfolio-thumb\"\n\t\t\t\t\t\t\t\t\t\t\t\t\t\t\t\t\t\t>\n\t\t\t\t\t\t\t\t\t<img decoding=\"async\" class=\"elementskit-grid__img\" src=\"https:\/\/academy.littlebrasilclub.com\/wp-content\/uploads\/2023\/11\/WhatsApp-Image-2023-11-07-at-21.25.27-1.jpeg\" alt=\"gallery grid image\"\/>\n\t\t\t\t\t\t\t\t\t<\/div>\n\t\t\t\t\t\t\t\t\t<div class=\"elementskit-hover-area\">\n\t\t\t\t\t\t\t\t\t\t<div class=\"elementskit-hover-content ekit_vertical_alignment_center\">\n\t\t\t\t\t\t\t\t\t\t\t\t\t\t\t\t\t\t\t\t\t\t\t\t\t\t\t\t\t\t\t\t\t\t\t\t\t\t\t\t\t\t\t\t\t\t\t\t\t\t\t\t\t\t\t<div class=\"elementskit-gallery-popup-icon-wraper\">\n\t\t\t\t\t\t\t\t\t\t\t\t<a href=\"https:\/\/academy.littlebrasilclub.com\/wp-content\/uploads\/2023\/11\/WhatsApp-Image-2023-11-07-at-21.25.27-1.jpeg\" data-effect=\"mfp-zoom-in\"\n\t\t\t\t\t\t\t\t\t\t\t\tclass=\"elementskit-gallery-icon elementor-clickable\" aria-label=\"mfp-zoom-in\"\n\t\t\t\t\t\t\t\t\t\t\t\t\t\t\t\t\t\t\t\t\t\t\t\t\tdata-elementor-lightbox-slideshow=\"55a8dae\"\n\t\t\t\t\t\t\t\t\t\t\t\t\t\t\t\t\t\t\t\t\t\t\t\t\t>\n\n\t\t\t\t\t\t\t\t\t\t\t\t\t<i aria-hidden=\"true\" class=\"icon icon-plus-circle\"><\/i>\n\t\t\t\t\t\t\t\t\t\t\t\t<\/a>\n\t\t\t\t\t\t\t\t\t\t\t<\/div>\n\t\t\t\t\t\t\t\t\t\t\t\t\t\t\t\t\t\t\t\t\t<\/div>\n\t\t\t\t\t\t\t\t\t<\/div><!-- .elementskit-hover-area END -->\n\t\t\t\t\t\t\t\t\t\t\t\t\t\t\t\t\t\t<div class=\"ekit-gallery-image-overlay\"><\/div>\n\t\t\t\t\t\t\t\t\t\t\t\t\t\t\t\t\t<\/div><!-- .elementskit-single-portfolio-item END -->\n\t\t\t\t\t\t\t<\/div>\n\n\t\t\t\t\t\t\t\t\t\t\t\t\t<div class=\"ekit_gallery_grid_item ekit_gallery__filter-\">\n\t\t\t\t\t\t\t\t<div class=\"elementskit-single-portfolio-item\"\n\t\t\t\t\t\t\t\t\t\t\t\t\t\t\t\t>\n\t\t\t\t\t\t\t\t\t<div class=\"elementskit-portfolio-thumb\"\n\t\t\t\t\t\t\t\t\t\t\t\t\t\t\t\t\t\t>\n\t\t\t\t\t\t\t\t\t<img decoding=\"async\" class=\"elementskit-grid__img\" src=\"https:\/\/academy.littlebrasilclub.com\/wp-content\/uploads\/2023\/11\/WhatsApp-Image-2023-11-07-at-21.25.27-2.jpeg\" alt=\"gallery grid image\"\/>\n\t\t\t\t\t\t\t\t\t<\/div>\n\t\t\t\t\t\t\t\t\t<div class=\"elementskit-hover-area\">\n\t\t\t\t\t\t\t\t\t\t<div class=\"elementskit-hover-content ekit_vertical_alignment_center\">\n\t\t\t\t\t\t\t\t\t\t\t\t\t\t\t\t\t\t\t\t\t\t\t\t\t\t\t\t\t\t\t\t\t\t\t\t\t\t\t\t\t\t\t\t\t\t\t\t\t\t\t\t\t\t\t<div class=\"elementskit-gallery-popup-icon-wraper\">\n\t\t\t\t\t\t\t\t\t\t\t\t<a href=\"https:\/\/academy.littlebrasilclub.com\/wp-content\/uploads\/2023\/11\/WhatsApp-Image-2023-11-07-at-21.25.27-2.jpeg\" data-effect=\"mfp-zoom-in\"\n\t\t\t\t\t\t\t\t\t\t\t\tclass=\"elementskit-gallery-icon elementor-clickable\" aria-label=\"mfp-zoom-in\"\n\t\t\t\t\t\t\t\t\t\t\t\t\t\t\t\t\t\t\t\t\t\t\t\t\tdata-elementor-lightbox-slideshow=\"55a8dae\"\n\t\t\t\t\t\t\t\t\t\t\t\t\t\t\t\t\t\t\t\t\t\t\t\t\t>\n\n\t\t\t\t\t\t\t\t\t\t\t\t\t<i aria-hidden=\"true\" class=\"icon icon-plus-circle\"><\/i>\n\t\t\t\t\t\t\t\t\t\t\t\t<\/a>\n\t\t\t\t\t\t\t\t\t\t\t<\/div>\n\t\t\t\t\t\t\t\t\t\t\t\t\t\t\t\t\t\t\t\t\t<\/div>\n\t\t\t\t\t\t\t\t\t<\/div><!-- .elementskit-hover-area END -->\n\t\t\t\t\t\t\t\t\t\t\t\t\t\t\t\t\t\t<div class=\"ekit-gallery-image-overlay\"><\/div>\n\t\t\t\t\t\t\t\t\t\t\t\t\t\t\t\t\t<\/div><!-- .elementskit-single-portfolio-item END -->\n\t\t\t\t\t\t\t<\/div>\n\n\t\t\t\t\t\t\t\t\t\t\t\t\t<div class=\"ekit_gallery_grid_item ekit_gallery__filter-\">\n\t\t\t\t\t\t\t\t<div class=\"elementskit-single-portfolio-item\"\n\t\t\t\t\t\t\t\t\t\t\t\t\t\t\t\t>\n\t\t\t\t\t\t\t\t\t<div class=\"elementskit-portfolio-thumb\"\n\t\t\t\t\t\t\t\t\t\t\t\t\t\t\t\t\t\t>\n\t\t\t\t\t\t\t\t\t<img decoding=\"async\" class=\"elementskit-grid__img\" src=\"https:\/\/academy.littlebrasilclub.com\/wp-content\/uploads\/2023\/11\/WhatsApp-Image-2023-11-07-at-21.25.27-3.jpeg\" alt=\"gallery grid image\"\/>\n\t\t\t\t\t\t\t\t\t<\/div>\n\t\t\t\t\t\t\t\t\t<div class=\"elementskit-hover-area\">\n\t\t\t\t\t\t\t\t\t\t<div class=\"elementskit-hover-content ekit_vertical_alignment_center\">\n\t\t\t\t\t\t\t\t\t\t\t\t\t\t\t\t\t\t\t\t\t\t\t\t\t\t\t\t\t\t\t\t\t\t\t\t\t\t\t\t\t\t\t\t\t\t\t\t\t\t\t\t\t\t\t<div class=\"elementskit-gallery-popup-icon-wraper\">\n\t\t\t\t\t\t\t\t\t\t\t\t<a href=\"https:\/\/academy.littlebrasilclub.com\/wp-content\/uploads\/2023\/11\/WhatsApp-Image-2023-11-07-at-21.25.27-3.jpeg\" data-effect=\"mfp-zoom-in\"\n\t\t\t\t\t\t\t\t\t\t\t\tclass=\"elementskit-gallery-icon elementor-clickable\" aria-label=\"mfp-zoom-in\"\n\t\t\t\t\t\t\t\t\t\t\t\t\t\t\t\t\t\t\t\t\t\t\t\t\tdata-elementor-lightbox-slideshow=\"55a8dae\"\n\t\t\t\t\t\t\t\t\t\t\t\t\t\t\t\t\t\t\t\t\t\t\t\t\t>\n\n\t\t\t\t\t\t\t\t\t\t\t\t\t<i aria-hidden=\"true\" class=\"icon icon-plus-circle\"><\/i>\n\t\t\t\t\t\t\t\t\t\t\t\t<\/a>\n\t\t\t\t\t\t\t\t\t\t\t<\/div>\n\t\t\t\t\t\t\t\t\t\t\t\t\t\t\t\t\t\t\t\t\t<\/div>\n\t\t\t\t\t\t\t\t\t<\/div><!-- .elementskit-hover-area END -->\n\t\t\t\t\t\t\t\t\t\t\t\t\t\t\t\t\t\t<div class=\"ekit-gallery-image-overlay\"><\/div>\n\t\t\t\t\t\t\t\t\t\t\t\t\t\t\t\t\t<\/div><!-- .elementskit-single-portfolio-item END -->\n\t\t\t\t\t\t\t<\/div>\n\n\t\t\t\t\t\t\t\t\t\t\t\t\t<div class=\"ekit_gallery_grid_item ekit_gallery__filter-\">\n\t\t\t\t\t\t\t\t<div class=\"elementskit-single-portfolio-item\"\n\t\t\t\t\t\t\t\t\t\t\t\t\t\t\t\t>\n\t\t\t\t\t\t\t\t\t<div class=\"elementskit-portfolio-thumb\"\n\t\t\t\t\t\t\t\t\t\t\t\t\t\t\t\t\t\t>\n\t\t\t\t\t\t\t\t\t<img decoding=\"async\" class=\"elementskit-grid__img\" src=\"https:\/\/academy.littlebrasilclub.com\/wp-content\/uploads\/2023\/11\/WhatsApp-Image-2023-11-07-at-21.25.27-4.jpeg\" alt=\"gallery grid image\"\/>\n\t\t\t\t\t\t\t\t\t<\/div>\n\t\t\t\t\t\t\t\t\t<div class=\"elementskit-hover-area\">\n\t\t\t\t\t\t\t\t\t\t<div class=\"elementskit-hover-content ekit_vertical_alignment_center\">\n\t\t\t\t\t\t\t\t\t\t\t\t\t\t\t\t\t\t\t\t\t\t\t\t\t\t\t\t\t\t\t\t\t\t\t\t\t\t\t\t\t\t\t\t\t\t\t\t\t\t\t\t\t\t\t<div class=\"elementskit-gallery-popup-icon-wraper\">\n\t\t\t\t\t\t\t\t\t\t\t\t<a href=\"https:\/\/academy.littlebrasilclub.com\/wp-content\/uploads\/2023\/11\/WhatsApp-Image-2023-11-07-at-21.25.27-4.jpeg\" data-effect=\"mfp-zoom-in\"\n\t\t\t\t\t\t\t\t\t\t\t\tclass=\"elementskit-gallery-icon elementor-clickable\" aria-label=\"mfp-zoom-in\"\n\t\t\t\t\t\t\t\t\t\t\t\t\t\t\t\t\t\t\t\t\t\t\t\t\tdata-elementor-lightbox-slideshow=\"55a8dae\"\n\t\t\t\t\t\t\t\t\t\t\t\t\t\t\t\t\t\t\t\t\t\t\t\t\t>\n\n\t\t\t\t\t\t\t\t\t\t\t\t\t<i aria-hidden=\"true\" class=\"icon icon-plus-circle\"><\/i>\n\t\t\t\t\t\t\t\t\t\t\t\t<\/a>\n\t\t\t\t\t\t\t\t\t\t\t<\/div>\n\t\t\t\t\t\t\t\t\t\t\t\t\t\t\t\t\t\t\t\t\t<\/div>\n\t\t\t\t\t\t\t\t\t<\/div><!-- .elementskit-hover-area END -->\n\t\t\t\t\t\t\t\t\t\t\t\t\t\t\t\t\t\t<div class=\"ekit-gallery-image-overlay\"><\/div>\n\t\t\t\t\t\t\t\t\t\t\t\t\t\t\t\t\t<\/div><!-- .elementskit-single-portfolio-item END -->\n\t\t\t\t\t\t\t<\/div>\n\n\t\t\t\t\t\t<\/div><\/div><\/div>\t\t\t\t<\/div>\n\t\t\t\t<\/div>\n\t\t\t\t\t<\/div>\n\t\t\t\t<\/div>\n\t\t\t\t<\/div>","protected":false},"excerpt":{"rendered":"<p>About Us Originating from a legacy of educational excellence, Little Academy combines global teaching practices right here in Clermont, FL. Our roots trace back to the esteemed Col\u00e9gio e Curso Decis\u00e3o in Mangabeira, Brazil, renowned for its socio-constructive educational model and innovative integration of technology. Expanding our horizons, we introduced the Decision Learning Center (DLC) [&hellip;]<\/p>\n","protected":false},"author":1,"featured_media":0,"parent":0,"menu_order":0,"comment_status":"closed","ping_status":"closed","template":"elementor_header_footer","meta":{"ocean_post_layout":"","ocean_both_sidebars_style":"","ocean_both_sidebars_content_width":0,"ocean_both_sidebars_sidebars_width":0,"ocean_sidebar":"0","ocean_second_sidebar":"0","ocean_disable_margins":"enable","ocean_add_body_class":"","ocean_shortcode_before_top_bar":"","ocean_shortcode_after_top_bar":"","ocean_shortcode_before_header":"","ocean_shortcode_after_header":"","ocean_has_shortcode":"","ocean_shortcode_after_title":"","ocean_shortcode_before_footer_widgets":"","ocean_shortcode_after_footer_widgets":"","ocean_shortcode_before_footer_bottom":"","ocean_shortcode_after_footer_bottom":"","ocean_display_top_bar":"default","ocean_display_header":"default","ocean_header_style":"","ocean_center_header_left_menu":"0","ocean_custom_header_template":"0","ocean_custom_logo":0,"ocean_custom_retina_logo":0,"ocean_custom_logo_max_width":0,"ocean_custom_logo_tablet_max_width":0,"ocean_custom_logo_mobile_max_width":0,"ocean_custom_logo_max_height":0,"ocean_custom_logo_tablet_max_height":0,"ocean_custom_logo_mobile_max_height":0,"ocean_header_custom_menu":"0","ocean_menu_typo_font_family":"0","ocean_menu_typo_font_subset":"","ocean_menu_typo_font_size":0,"ocean_menu_typo_font_size_tablet":0,"ocean_menu_typo_font_size_mobile":0,"ocean_menu_typo_font_size_unit":"px","ocean_menu_typo_font_weight":"","ocean_menu_typo_font_weight_tablet":"","ocean_menu_typo_font_weight_mobile":"","ocean_menu_typo_transform":"","ocean_menu_typo_transform_tablet":"","ocean_menu_typo_transform_mobile":"","ocean_menu_typo_line_height":0,"ocean_menu_typo_line_height_tablet":0,"ocean_menu_typo_line_height_mobile":0,"ocean_menu_typo_line_height_unit":"","ocean_menu_typo_spacing":0,"ocean_menu_typo_spacing_tablet":0,"ocean_menu_typo_spacing_mobile":0,"ocean_menu_typo_spacing_unit":"","ocean_menu_link_color":"","ocean_menu_link_color_hover":"","ocean_menu_link_color_active":"","ocean_menu_link_background":"","ocean_menu_link_hover_background":"","ocean_menu_link_active_background":"","ocean_menu_social_links_bg":"","ocean_menu_social_hover_links_bg":"","ocean_menu_social_links_color":"","ocean_menu_social_hover_links_color":"","ocean_disable_title":"default","ocean_disable_heading":"default","ocean_post_title":"","ocean_post_subheading":"","ocean_post_title_style":"","ocean_post_title_background_color":"","ocean_post_title_background":0,"ocean_post_title_bg_image_position":"","ocean_post_title_bg_image_attachment":"","ocean_post_title_bg_image_repeat":"","ocean_post_title_bg_image_size":"","ocean_post_title_height":0,"ocean_post_title_bg_overlay":0.5,"ocean_post_title_bg_overlay_color":"","ocean_disable_breadcrumbs":"default","ocean_breadcrumbs_color":"","ocean_breadcrumbs_separator_color":"","ocean_breadcrumbs_links_color":"","ocean_breadcrumbs_links_hover_color":"","ocean_display_footer_widgets":"default","ocean_display_footer_bottom":"default","ocean_custom_footer_template":"0","footnotes":""},"class_list":["post-182","page","type-page","status-publish","hentry","entry"],"_links":{"self":[{"href":"https:\/\/academy.littlebrasilclub.com\/pt_br\/wp-json\/wp\/v2\/pages\/182","targetHints":{"allow":["GET"]}}],"collection":[{"href":"https:\/\/academy.littlebrasilclub.com\/pt_br\/wp-json\/wp\/v2\/pages"}],"about":[{"href":"https:\/\/academy.littlebrasilclub.com\/pt_br\/wp-json\/wp\/v2\/types\/page"}],"author":[{"embeddable":true,"href":"https:\/\/academy.littlebrasilclub.com\/pt_br\/wp-json\/wp\/v2\/users\/1"}],"replies":[{"embeddable":true,"href":"https:\/\/academy.littlebrasilclub.com\/pt_br\/wp-json\/wp\/v2\/comments?post=182"}],"version-history":[{"count":66,"href":"https:\/\/academy.littlebrasilclub.com\/pt_br\/wp-json\/wp\/v2\/pages\/182\/revisions"}],"predecessor-version":[{"id":2486,"href":"https:\/\/academy.littlebrasilclub.com\/pt_br\/wp-json\/wp\/v2\/pages\/182\/revisions\/2486"}],"wp:attachment":[{"href":"https:\/\/academy.littlebrasilclub.com\/pt_br\/wp-json\/wp\/v2\/media?parent=182"}],"curies":[{"name":"wp","href":"https:\/\/api.w.org\/{rel}","templated":true}]}}